{"id":2881,"date":"2025-10-18T07:21:04","date_gmt":"2025-10-18T07:21:04","guid":{"rendered":"https:\/\/mediverse.casethemes.net\/?page_id=2881"},"modified":"2026-01-14T15:43:06","modified_gmt":"2026-01-14T14:43:06","slug":"contact-us","status":"publish","type":"page","link":"https:\/\/midiclinic.be\/nl\/contact-us\/","title":{"rendered":"Contact"},"content":{"rendered":"<div data-elementor-type=\"wp-page\" data-elementor-id=\"2881\" class=\"elementor elementor-2881\">\n\t\t\t\t<div class=\"elementor-element elementor-element-5408940 e-flex e-con-boxed pxl-row-scroll-none pxl-column-none pxl-full-content-with-space-none e-con e-parent\" data-id=\"5408940\" data-element_type=\"container\">\t\t\t<div class=\"e-con-inner\">\r\n\t\t\t\t<div class=\"elementor-element elementor-element-c092865 elementor-widget elementor-widget-pxl_banner_box\" data-id=\"c092865\" data-element_type=\"widget\" data-widget_type=\"pxl_banner_box.default\">\n\t\t\t\t<div class=\"elementor-widget-container\">\n\t\t\t\t\t<div id=\"pxl_banner_box-c092865-4132\" class=\"pxl-banner pxl-banner1\" data-wow-delay=\"0ms\">\r\n        <div class=\"pxl-banner-inner active\">\r\n\t\t\t\t\t<div class=\"pxl-item--image\">\r\n\t\t\t\t<img fetchpriority=\"high\" decoding=\"async\" width=\"767\" height=\"1084\" src=\"https:\/\/midiclinic.be\/wp-content\/uploads\/2025\/10\/make1.webp\" class=\"attachment-full\" alt=\"\" srcset=\"https:\/\/midiclinic.be\/wp-content\/uploads\/2025\/10\/make1.webp 767w, https:\/\/midiclinic.be\/wp-content\/uploads\/2025\/10\/make1-550x778.webp 550w, https:\/\/midiclinic.be\/wp-content\/uploads\/2025\/10\/make1-425x600.webp 425w, https:\/\/midiclinic.be\/wp-content\/uploads\/2025\/10\/make1-600x848.webp 600w, https:\/\/midiclinic.be\/wp-content\/uploads\/2025\/10\/make1-212x300.webp 212w, https:\/\/midiclinic.be\/wp-content\/uploads\/2025\/10\/make1-725x1024.webp 725w, https:\/\/midiclinic.be\/wp-content\/uploads\/2025\/10\/make1-502x710.webp 502w\" sizes=\"(max-width: 767px) 100vw, 767px\" \/>\t\t\t\t\t\t\t\t\t<div class=\"pxl-item--icon\">\r\n\t\t\t\t\t\t<svg xmlns=\"http:\/\/www.w3.org\/2000\/svg\" height=\"512\" viewbox=\"0 0 64 64\" width=\"512\"><g id=\"aa\"><g><path d=\"m22.97 25.9c1.15-1.07 1.27-2.84.3-4.07l-7.97-9.95c-1.03-1.29-2.9-1.51-4.2-.48l-1.87 1.41 11.86 14.82 1.8799-1.73z\"><\/path><path d=\"m34 45.48c-.68.72-1.78.84-2.6.28l-.1801-.13c-2.5099-1.74-4.85-3.7-7-5.85s-4.11-4.4901-5.85-7l-.13-.1801c-.56-.8199-.44-1.92.28-2.6l1.09-1.01-11.9799-14.9699-2.83 2.14c-1.2.94-2.15 2.14-2.8 3.4901-.65 1.34-1 2.83-1 4.36 0 6.92 2.4 13.63 6.78 19l.1899.23c1.91 2.34 3.94 4.58 6.08 6.71 2.13 2.14 4.37 4.17 6.71 6.08l.23.1899c5.37 4.38 12.08 6.78 19 6.78 1.53 0 3.02-.35 4.36-1 1.35-.65 2.55-1.6 3.4901-2.8l2.14-2.83-14.97-11.98z\"><\/path><path d=\"m52.12 48.7-9.95-7.97c-1.23-.97-3-.85-4.07.3l-1.73 1.8799 14.81 11.8701 1.42-1.88c1.03-1.3.81-3.17-.48-4.2z\"><\/path><path d=\"m60 1h-28c-1.66 0-3 1.34-3 3v18c0 1.66 1.34 3 3 3h1v4l6-4h21c1.66 0 3-1.34 3-3v-18c0-1.66-1.34-3-3-3zm-21 9c0 .5522-.4473 1-1 1h-3v2h3c.5527 0 1 .4478 1 1s-.4473 1-1 1h-4c-.5527 0-1-.4478-1-1v-4c0-.5522.4473-1 1-1h3v-2h-3c-.5527 0-1-.4478-1-1s.4473-1 1-1h4c.5527 0 1 .4478 1 1zm8 0v4c0 .5522-.4473 1-1 1s-1-.4478-1-1v-3h-3c-.5527 0-1-.4478-1-1v-4c0-.5522.4473-1 1-1s1 .4478 1 1v3h2v-3c0-.5522.4473-1 1-1s1 .4478 1 1zm4.9697-1.7573-3 12c-.1133.4541-.5205.7573-.9688.7573-.0801 0-.1621-.0093-.2432-.0298-.5361-.1338-.8623-.6768-.7275-1.2129l3-12c.1328-.5356.6758-.8647 1.2119-.7275.5361.1338.8623.6768.7275 1.2129zm6.9668 3.1084-3 8c-.1504.4014-.5322.6494-.9365.6494-.1172 0-.2354-.021-.3516-.064-.5166-.1943-.7783-.7705-.585-1.2876l2.4932-6.6489h-2.5566c-.5527 0-1-.4478-1-1s.4473-1 1-1h4c.3281 0 .6348.1606.8223.4302.1865.27.2295.6138.1143.9209z\"><\/path><\/g><\/g><\/svg>\t\t\t\t\t<\/div>\r\n\t\t\t\t\t\t\t\t<h3 class=\"pxl-item--title\">Telefonische ondersteuning<\/h3>\r\n\t\t\t<\/div>\r\n\t\t\t\t<div class=\"pxl-item--content\">\r\n\t\t\t<h3 class=\"pxl-item--title\">Telefonische ondersteuning<\/h3>\r\n\t\t\t\t\t\t\t\t\t<div class=\"pxl-item--social\">\r\n\t\t\t\t\t\t\t\t\t\t\t\t\t\t<span>U kunt ons bereiken van maandag tot en met vrijdag van 9.00 tot 18.30 uur en op zaterdag van 9.00 tot 14.00 uur.<\/span>\r\n\t\t\t\t\t\t\t\t\t\t\t<\/div>\r\n\t\t\t\r\n\t\t\t<p class=\"pxl-item--description\">Onze vriendelijke medewerkers helpen u graag bij het plannen van een afspraak op een tijdstip dat u het beste uitkomt.<\/p>\r\n\t\t<div class=\"pxl-item--button\">\r\n\t\t\t<a href=\"tel:+3224666919\">\r\n\t\t\t\t<span class=\"pxl--btn-text\">Ondersteuning: +3224666919<\/span>\r\n\t\t\t<\/a>\r\n\t\t<\/div>\r\n\t\t<\/div>\r\n\t<\/div>\r\n\t\t<\/div>\t\t\t\t<\/div>\n\t\t\t\t<\/div>\n\t\t\t\t\t<\/div>\r\n\t\t\t\t<\/div>\r\n\t\t<div class=\"elementor-element elementor-element-43a701d e-flex e-con-boxed pxl-row-scroll-none pxl-column-none pxl-full-content-with-space-none e-con e-parent\" data-id=\"43a701d\" data-element_type=\"container\">\t\t\t<div class=\"e-con-inner\">\r\n\t\t<div class=\"elementor-element elementor-element-4b23950 e-con-full e-flex pxl-row-scroll-none pxl-column-none pxl-full-content-with-space-none e-con e-child\" data-id=\"4b23950\" data-element_type=\"container\" data-settings=\"{&quot;background_background&quot;:&quot;classic&quot;}\"><div class=\"elementor-element elementor-element-b8fafab e-con-full e-flex pxl-row-scroll-none pxl-column-none pxl-full-content-with-space-none e-con e-child\" data-id=\"b8fafab\" data-element_type=\"container\">\t\t<div class=\"elementor-element elementor-element-cc2176c elementor-widget elementor-widget-pxl_image\" data-id=\"cc2176c\" data-element_type=\"widget\" data-widget_type=\"pxl_image.default\">\n\t\t\t\t<div class=\"elementor-widget-container\">\n\t\t\t\t\t<div id=\"pxl_image-cc2176c-1787\" class=\"pxl-image-single\" data-wow-delay=\"ms\"  >\r\n    <div class=\"pxl-item--inner\" data-wow-delay=\"120ms\">\r\n        \r\n                    <div class=\"pxl-item--bg bg-image\" style=\"background-image: url(https:\/\/midiclinic.be\/wp-content\/uploads\/2025\/10\/location-img2.webp);\">\r\n            <\/div>\r\n                \r\n    <\/div>\r\n<\/div>\t\t\t\t<\/div>\n\t\t\t\t<\/div>\n\t\t<div class=\"elementor-element elementor-element-6a6a5c3 e-con-full e-flex pxl-row-scroll-none pxl-column-none pxl-full-content-with-space-none e-con e-child\" data-id=\"6a6a5c3\" data-element_type=\"container\">\t\t<div class=\"elementor-element elementor-element-48d3cfd elementor-widget elementor-widget-pxl_icon_box\" data-id=\"48d3cfd\" data-element_type=\"widget\" data-widget_type=\"pxl_icon_box.default\">\n\t\t\t\t<div class=\"elementor-widget-container\">\n\t\t\t\t\t<div class=\"pxl-icon-box pxl-icon-box1 style-2 ani1\" >\r\n    <div class=\"pxl-item--inner\">\r\n        \r\n                            <div class=\"pxl-item--icon pxl-flex-center\">\r\n                                    <a href=\"mailto:mediverse@example.com\">\r\n                                        <svg xmlns=\"http:\/\/www.w3.org\/2000\/svg\" width=\"18\" height=\"13\" viewbox=\"0 0 18 13\" fill=\"none\"><path d=\"M16.3883 0.0477905H0.903033C0.73191 0.0477905 0.567796 0.115769 0.446793 0.236771C0.325791 0.357774 0.257813 0.521888 0.257812 0.693011V11.6618C0.257813 12.004 0.393769 12.3322 0.635774 12.5742C0.877779 12.8162 1.20601 12.9522 1.54825 12.9522H15.7431C16.0854 12.9522 16.4136 12.8162 16.6556 12.5742C16.8976 12.3322 17.0335 12.004 17.0335 11.6618V0.693011C17.0335 0.521888 16.9656 0.357774 16.8446 0.236771C16.7236 0.115769 16.5595 0.0477905 16.3883 0.0477905ZM8.64568 6.91536L2.56206 1.33823H14.7293L8.64568 6.91536ZM6.28337 6.5L1.54825 10.8399V2.16008L6.28337 6.5ZM7.23829 7.37508L8.20612 8.26629C8.32516 8.37556 8.48087 8.43619 8.64245 8.43619C8.80404 8.43619 8.95975 8.37556 9.07878 8.26629L10.0466 7.37508L14.7245 11.6618H2.56206L7.23829 7.37508ZM11.008 6.5L15.7431 2.15927V10.8407L11.008 6.5Z\" fill=\"white\"><\/path><\/svg>                                        <\/a>\r\n                            <\/div>\r\n                                <div class=\"pxl-item--meta\">\r\n            <h5 class=\"pxl-item--title el-empty\">\r\n                        Neem contact met ons op                        <\/h5>\r\n            <div class=\"pxl-item--description el-empty\">Voor vragen kunt u contact met ons opnemen via onderstaand adres:\n<a href=\"\/nl\/contact@midiclinic.be\/\">contact@midiclinic.be<\/a><\/div>\r\n        <\/div>\r\n    <\/div>\r\n<\/div>\r\n\t\t\t\t<\/div>\n\t\t\t\t<\/div>\n\t\t\t\t<div class=\"elementor-element elementor-element-5b508cf elementor-widget elementor-widget-pxl_icon_box\" data-id=\"5b508cf\" data-element_type=\"widget\" data-widget_type=\"pxl_icon_box.default\">\n\t\t\t\t<div class=\"elementor-widget-container\">\n\t\t\t\t\t<div class=\"pxl-icon-box pxl-icon-box1 style-2 ani1\" >\r\n    <div class=\"pxl-item--inner\">\r\n        \r\n                            <div class=\"pxl-item--icon pxl-flex-center\">\r\n                                    <a href=\"\/nl\/maps.app.goo.gl\/4LCa4LJcKZthUwA5A\/\">\r\n                                        <svg xmlns=\"http:\/\/www.w3.org\/2000\/svg\" width=\"13\" height=\"17\" viewbox=\"0 0 13 17\" fill=\"none\"><path d=\"M6.49632 3.91177C5.92916 3.91177 5.37473 4.07996 4.90314 4.39506C4.43156 4.71016 4.06401 5.15803 3.84696 5.68202C3.62992 6.20601 3.57313 6.7826 3.68378 7.33887C3.79443 7.89514 4.06754 8.40611 4.46859 8.80715C4.86964 9.2082 5.3806 9.48132 5.93687 9.59197C6.49314 9.70261 7.06973 9.64583 7.59373 9.42878C8.11772 9.21174 8.56558 8.84418 8.88069 8.3726C9.19579 7.90102 9.36397 7.34659 9.36397 6.77942C9.36397 6.01887 9.06184 5.28948 8.52406 4.75169C7.98627 4.2139 7.25687 3.91177 6.49632 3.91177ZM6.49632 8.50001C6.15602 8.50001 5.82337 8.3991 5.54042 8.21004C5.25747 8.02098 5.03693 7.75226 4.90671 7.43786C4.77648 7.12346 4.74241 6.77751 4.8088 6.44375C4.87519 6.10999 5.03906 5.80341 5.27968 5.56278C5.52031 5.32215 5.82689 5.15828 6.16065 5.09189C6.49441 5.0255 6.84037 5.05958 7.15476 5.1898C7.46916 5.32003 7.73788 5.54056 7.92694 5.82351C8.116 6.10646 8.21691 6.43912 8.21691 6.77942C8.21691 7.23575 8.03564 7.67339 7.71296 7.99606C7.39029 8.31873 6.95265 8.50001 6.49632 8.50001ZM6.49632 0.470596C4.8237 0.472494 3.22013 1.13778 2.03741 2.3205C0.854684 3.50323 0.189397 5.1068 0.1875 6.77942C0.1875 9.03052 1.22774 11.4164 3.19853 13.6797C4.08407 14.7024 5.08075 15.6233 6.17013 16.4255C6.26656 16.493 6.38145 16.5293 6.49919 16.5293C6.61693 16.5293 6.73182 16.493 6.82825 16.4255C7.91563 15.623 8.91037 14.7021 9.79412 13.6797C11.762 11.4164 12.8051 9.03052 12.8051 6.77942C12.8032 5.1068 12.138 3.50323 10.9552 2.3205C9.77252 1.13778 8.16895 0.472494 6.49632 0.470596ZM6.49632 15.239C5.31127 14.307 1.33456 10.8837 1.33456 6.77942C1.33456 5.41043 1.87839 4.09752 2.8464 3.1295C3.81442 2.16148 5.12734 1.61766 6.49632 1.61766C7.86531 1.61766 9.17822 2.16148 10.1462 3.1295C11.1143 4.09752 11.6581 5.41043 11.6581 6.77942C11.6581 10.8823 7.68138 14.307 6.49632 15.239Z\" fill=\"white\"><\/path><\/svg>                                        <\/a>\r\n                            <\/div>\r\n                                <div class=\"pxl-item--meta\">\r\n            <h5 class=\"pxl-item--title el-empty\">\r\n                        Adres                        <\/h5>\r\n            <div class=\"pxl-item--description el-empty\">Bd Maurice Lemonnier 94-96, 1000 Bruxelles\n<\/div>\r\n        <\/div>\r\n    <\/div>\r\n<\/div>\r\n\t\t\t\t<\/div>\n\t\t\t\t<\/div>\n\t\t\t\t<div class=\"elementor-element elementor-element-b3419d4 elementor-widget elementor-widget-pxl_icon_box\" data-id=\"b3419d4\" data-element_type=\"widget\" data-widget_type=\"pxl_icon_box.default\">\n\t\t\t\t<div class=\"elementor-widget-container\">\n\t\t\t\t\t<div class=\"pxl-icon-box pxl-icon-box1 style-2 ani1\" >\r\n    <div class=\"pxl-item--inner\">\r\n        \r\n                            <div class=\"pxl-item--icon pxl-flex-center\">\r\n                                    <svg xmlns=\"http:\/\/www.w3.org\/2000\/svg\" width=\"19\" height=\"19\" viewbox=\"0 0 19 19\" fill=\"none\"><g clip-path=\"url(#clip0_1_38237)\"><path d=\"M12.7696 11.1206L10.2107 9.20145V5.29206C10.2107 4.89897 9.89296 4.58124 9.49988 4.58124C9.1068 4.58124 8.78906 4.89897 8.78906 5.29206V9.55689C8.78906 9.78079 8.89427 9.99191 9.07339 10.1255L11.9166 12.258C12.0445 12.3539 12.1938 12.4001 12.3424 12.4001C12.5592 12.4001 12.7724 12.3027 12.9117 12.1151C13.1478 11.8016 13.0838 11.3559 12.7696 11.1206Z\" fill=\"white\"><\/path><path d=\"M9.49678 0.323532C4.43657 0.323532 0.320312 4.43979 0.320312 9.5C0.320312 14.5602 4.43657 18.6765 9.49678 18.6765C14.557 18.6765 18.6733 14.5602 18.6733 9.5C18.6733 4.43979 14.557 0.323532 9.49678 0.323532ZM9.49678 17.2549C5.2213 17.2549 1.74191 13.7755 1.74191 9.5C1.74191 5.22452 5.2213 1.74513 9.49678 1.74513C13.773 1.74513 17.2517 5.22452 17.2517 9.5C17.2517 13.7755 13.7723 17.2549 9.49678 17.2549Z\" fill=\"white\"><\/path><\/g><defs><clippath id=\"clip0_1_38237\"><rect width=\"18.3529\" height=\"18.3529\" fill=\"white\" transform=\"translate(0.320312 0.323532)\"><\/rect><\/clippath><\/defs><\/svg>                                <\/div>\r\n                                <div class=\"pxl-item--meta\">\r\n            <h5 class=\"pxl-item--title el-empty\">\r\n                        Informatie over werktijden                        <\/h5>\r\n            <div class=\"pxl-item--description el-empty\">Openingstijden: Maandag tot en met vrijdag: 9.00 tot 18.30 uur. Zaterdag: 9.00 tot 14.00 uur.<\/div>\r\n        <\/div>\r\n    <\/div>\r\n<\/div>\r\n\t\t\t\t<\/div>\n\t\t\t\t<\/div>\n\t\t\t\t<\/div>\r\n\t\t<div class=\"elementor-element elementor-element-fb44b4d e-con-full e-flex pxl-row-scroll-none pxl-column-none pxl-full-content-with-space-none e-con e-child\" data-id=\"fb44b4d\" data-element_type=\"container\">\t\t<\/div>\r\n\t\t\t\t<\/div>\r\n\t\t<div class=\"elementor-element elementor-element-8eedf3f e-con-full e-flex pxl-row-scroll-none pxl-column-none pxl-full-content-with-space-none e-con e-child\" data-id=\"8eedf3f\" data-element_type=\"container\">\t\t<div class=\"elementor-element elementor-element-87846d9 elementor-widget elementor-widget-pxl_heading\" data-id=\"87846d9\" data-element_type=\"widget\" data-widget_type=\"pxl_heading.default\">\n\t\t\t\t<div class=\"elementor-widget-container\">\n\t\t\t\t\t\n<div id=\"pxl-pxl_heading-87846d9-9964\" class=\"pxl-heading px-sub-title-2-style\">\n\t<div class=\"pxl-heading--inner\">\n\t\t\t\t\t<div class=\"pxl-item--subtitle px-sub-title-2\" data-wow-delay=\"ms\">\n\t\t\t\t<span class=\"pxl-item--subtext\">\n\t\t\t\t\t\t\t\t\t\tWe horen graag van u.\t\t\t\t<\/span>\n\t\t\t<\/div>\n\t\t\n\t\t<h2 class=\"pxl-item--title style-default  highlight-default\" data-wow-delay=\"ms\">\n\t\t\t\t\tLaten we het erover hebben!\t\n\t\t\t\n\t\t<\/h2>\n\t\t\n\t<\/div>\n<\/div>\t\t\t\t<\/div>\n\t\t\t\t<\/div>\n\t\t\t\t<div class=\"elementor-element elementor-element-328b867 elementor-widget elementor-widget-pxl_text_editor\" data-id=\"328b867\" data-element_type=\"widget\" data-widget_type=\"pxl_text_editor.default\">\n\t\t\t\t<div class=\"elementor-widget-container\">\n\t\t\t\t\t<div class=\"pxl-text-editor default\">\n\t<div class=\"pxl-item--inner\" data-wow-delay=\"ms\">\n\t\t<p>Door dit formulier in te dienen, gaat u akkoord met ons privacybeleid. Wij garanderen dat uw gegevens niet openbaar worden gemaakt.<\/p>\t\t\n\t<\/div>\n<\/div>\t\t\t\t<\/div>\n\t\t\t\t<\/div>\n\t\t\t\t<div class=\"elementor-element elementor-element-5b2b55d elementor-widget elementor-widget-pxl_contact_form\" data-id=\"5b2b55d\" data-element_type=\"widget\" data-widget_type=\"pxl_contact_form.default\">\n\t\t\t\t<div class=\"elementor-widget-container\">\n\t\t\t\t\t    <div class=\"pxl-contact-form pxl-contact-form1 btn-w-auto\" data-wow-delay=\"ms\">\r\n            \n<div class=\"wpcf7 no-js\" id=\"wpcf7-f1586-o1\" lang=\"en-US\" dir=\"ltr\" data-wpcf7-id=\"1586\">\n<div class=\"screen-reader-response\"><p role=\"status\" aria-live=\"polite\" aria-atomic=\"true\"><\/p> <ul><\/ul><\/div>\n<form action=\"\/nl\/wp-json\/wp\/v2\/pages\/2881#wpcf7-f1586-o1\" method=\"post\" class=\"wpcf7-form init\" aria-label=\"Contact form\" novalidate=\"novalidate\" data-status=\"init\" data-trp-original-action=\"\/nl\/wp-json\/wp\/v2\/pages\/2881#wpcf7-f1586-o1\">\n<fieldset class=\"hidden-fields-container\"><input type=\"hidden\" name=\"_wpcf7\" value=\"1586\" \/><input type=\"hidden\" name=\"_wpcf7_version\" value=\"6.1.4\" \/><input type=\"hidden\" name=\"_wpcf7_locale\" value=\"en_US\" \/><input type=\"hidden\" name=\"_wpcf7_unit_tag\" value=\"wpcf7-f1586-o1\" \/><input type=\"hidden\" name=\"_wpcf7_container_post\" value=\"0\" \/><input type=\"hidden\" name=\"_wpcf7_posted_data_hash\" value=\"\" \/><input type=\"hidden\" name=\"_wpcf7_recaptcha_response\" value=\"\" \/>\n<\/fieldset>\n<div class=\"wrap-ctf-page wrap-form ct-faqs\">\n\t<div class=\"containter\">\n\t\t<div class=\"row\">\n\t\t\t<div class=\"input-filled col-xl-6 col-lg-6 col-md-12 col-sm-12 col-xs-12\">\n\t\t\t\t<p><span class=\"wpcf7-form-control-wrap your-name\"><span class=\"wpcf7-form-control-wrap\" data-name=\"your-name\"><input size=\"40\" maxlength=\"400\" class=\"wpcf7-form-control wpcf7-text wpcf7-validates-as-required\" aria-required=\"true\" aria-invalid=\"false\" placeholder=\"Volledige naam*\" value=\"\" type=\"text\" name=\"your-name\" \/><\/span><\/span>\n\t\t\t\t<\/p>\n\t\t\t<\/div>\n\t\t\t<div class=\"input-filled col-xl-6 col-lg-6 col-md-12 col-sm-12 col-xs-12\">\n\t\t\t\t<p><span class=\"wpcf7-form-control-wrap your-phone\"><span class=\"wpcf7-form-control-wrap\" data-name=\"your-email\"><input size=\"40\" maxlength=\"400\" class=\"wpcf7-form-control wpcf7-email wpcf7-validates-as-required wpcf7-text wpcf7-validates-as-email\" aria-required=\"true\" aria-invalid=\"false\" placeholder=\"Email*\" value=\"\" type=\"email\" name=\"your-email\" \/><\/span><\/span>\n\t\t\t\t<\/p>\n\t\t\t<\/div>\n\t\t\t<div class=\"input-filled col-xl-6 col-lg-6 col-md-12 col-sm-12 col-xs-12\">\n\t\t\t\t<p><span class=\"wpcf7-form-control-wrap your-phone\"><span class=\"wpcf7-form-control-wrap\" data-name=\"your-phone\"><input size=\"40\" maxlength=\"400\" class=\"wpcf7-form-control wpcf7-text wpcf7-validates-as-required\" aria-required=\"true\" aria-invalid=\"false\" placeholder=\"Telefoon*\" value=\"\" type=\"text\" name=\"your-phone\" \/><\/span><\/span>\n\t\t\t\t<\/p>\n\t\t\t<\/div>\n\t\t\t<div class=\"input-filled col-xl-6 col-lg-6 col-md-12 col-sm-12 col-xs-12\">\n\t\t\t\t<p><span class=\"wpcf7-form-control-wrap your-country\"><span class=\"wpcf7-form-control-wrap\" data-name=\"your-object\"><input size=\"40\" maxlength=\"400\" class=\"wpcf7-form-control wpcf7-text wpcf7-validates-as-required\" aria-required=\"true\" aria-invalid=\"false\" placeholder=\"Voorwerp*\" value=\"\" type=\"text\" name=\"your-object\" \/><\/span><\/span>\n\t\t\t\t<\/p>\n\t\t\t<\/div>\n\t\t\t<div class=\"input-filled col-xl-12 col-lg-12 col-md-12 col-sm-12 col-xs-12\">\n\t\t\t\t<p><span class=\"wpcf7-form-control-wrap your-messeage\"><span class=\"wpcf7-form-control-wrap\" data-name=\"your-messeage\"><textarea cols=\"40\" rows=\"10\" maxlength=\"2000\" class=\"wpcf7-form-control wpcf7-textarea wpcf7-validates-as-required\" aria-required=\"true\" aria-invalid=\"false\" placeholder=\"Bericht...\" name=\"your-messeage\"><\/textarea><\/span><\/span>\n\t\t\t\t<\/p>\n\t\t\t<\/div>\n\t\t\t<div class=\"input-filled col-xl-6 col-lg-6 col-md-12 col-sm-12 col-xs-12 accept\">\n\t\t\t\t<p><span class=\"wpcf7-form-control-wrap your-accept\"><span class=\"wpcf7-form-control-wrap\" data-name=\"acceptance-53\"><span class=\"wpcf7-form-control wpcf7-acceptance optional\"><span class=\"wpcf7-list-item\"><label><input type=\"checkbox\" name=\"acceptance-53\" value=\"1\" aria-invalid=\"false\" \/><span class=\"wpcf7-list-item-label\">Accepteer onze algemene voorwaarden.<\/span><\/label><\/span><\/span><\/span><\/span>\n\t\t\t\t<\/p>\n\t\t\t<\/div>\n\t\t\t<div class=\"input-filled cf-right-btn col-xl-6 col-lg-6 col-md-12 col-sm-12 col-xs-12\">\n\t\t\t\t<p><button type=\"submit\" class=\"wpcf7-submit wpcf7-btn-abs btn btn-default\" ><span class=\"btn-text\">Versturen<\/span> <span class=\"icon-send\"><svg xmlns=\"http:\/\/www.w3.org\/2000\/svg\" width=\"14\" height=\"14\" viewbox=\"0 0 14 14\" fill=\"none\">\n\t\t\t\t<path d=\"M1.16797 7.00008H12.8346M12.8346 7.00008L7.0013 1.16675M12.8346 7.00008L7.0013 12.8334\" stroke=\"white\" stroke-linecap=\"round\" stroke-linejoin=\"round\"\/>\n\t\t\t  <\/svg><\/span><\/button>\n\t\t\t\t<\/p>\n\t\t\t<\/div>\n\t\t<\/div>\n\t<\/div>\n<\/div><div class=\"wpcf7-response-output\" aria-hidden=\"true\"><\/div>\n<input type=\"hidden\" name=\"trp-form-language\" value=\"nl\"\/><\/form>\n<\/div>\n    <div id=\"qrcode\" class=\"hide-qr\"><\/div>\r\n<\/div>\r\n\t\t\t\t<\/div>\n\t\t\t\t<\/div>\n\t\t\t\t<\/div>\r\n\t\t\t\t<\/div>\r\n\t\t\t\t\t<\/div>\r\n\t\t\t\t<\/div>\r\n\t\t<div class=\"elementor-element elementor-element-3d6f32a e-flex e-con-boxed pxl-row-scroll-none pxl-column-none pxl-full-content-with-space-none e-con e-parent\" data-id=\"3d6f32a\" data-element_type=\"container\">\t\t\t<div class=\"e-con-inner\">\r\n\t\t\t\t<div class=\"elementor-element elementor-element-6fdb309 elementor-widget elementor-widget-html\" data-id=\"6fdb309\" data-element_type=\"widget\" data-widget_type=\"html.default\">\n\t\t\t\t\t<iframe src=\"https:\/\/www.google.com\/maps\/embed?pb=!1m14!1m8!1m3!1d80619.579618547!2d4.344436!3d50.842983000000004!3m2!1i1024!2i768!4f13.1!3m3!1m2!1s0x47c3c470b2c8dc37%3A0xfb6b6b64e664936b!2sBd%20Maurice%20Lemonnier%2096%2C%201000%20Bruxelles%2C%20Belgique!5e0!3m2!1sfr!2sus!4v1767484455408!5m2!1sfr!2sus\" width=\"600\" height=\"450\" style=\"border:0;\" allowfullscreen=\"\" loading=\"lazy\" referrerpolicy=\"no-referrer-when-downgrade\"><\/iframe>\t\t\t\t<\/div>\n\t\t\t\t\t<\/div>\r\n\t\t\t\t<\/div>\r\n\t\t\t\t<\/div>","protected":false},"excerpt":{"rendered":"<p>Assistance t\u00e9l\u00e9phonique Assistance t\u00e9l\u00e9phonique Appelez-nous du lundi au vendredi de 9h \u00e0 18:30h &#8211; Samedi de 9h \u00e0 14h Nos repr\u00e9sentants, toujours aimables, sont l\u00e0 pour vous aider \u00e0 prendre rendez-vous \u00e0 un horaire qui vous convient le mieux. Assistance : +3224666919 Contactez-nous Pour toute question, veuillez nous contacter \u00e0 l&#8217;adresse suivante : contact@midiclinic.be Adresse [&hellip;]<\/p>","protected":false},"author":1,"featured_media":0,"parent":0,"menu_order":0,"comment_status":"closed","ping_status":"closed","template":"","meta":{"om_disable_all_campaigns":false,"_monsterinsights_skip_tracking":false,"_monsterinsights_sitenote_active":false,"_monsterinsights_sitenote_note":"","_monsterinsights_sitenote_category":0,"footnotes":""},"class_list":["post-2881","page","type-page","status-publish","hentry"],"aioseo_notices":[],"_links":{"self":[{"href":"https:\/\/midiclinic.be\/nl\/wp-json\/wp\/v2\/pages\/2881","targetHints":{"allow":["GET"]}}],"collection":[{"href":"https:\/\/midiclinic.be\/nl\/wp-json\/wp\/v2\/pages"}],"about":[{"href":"https:\/\/midiclinic.be\/nl\/wp-json\/wp\/v2\/types\/page"}],"author":[{"embeddable":true,"href":"https:\/\/midiclinic.be\/nl\/wp-json\/wp\/v2\/users\/1"}],"replies":[{"embeddable":true,"href":"https:\/\/midiclinic.be\/nl\/wp-json\/wp\/v2\/comments?post=2881"}],"version-history":[{"count":23,"href":"https:\/\/midiclinic.be\/nl\/wp-json\/wp\/v2\/pages\/2881\/revisions"}],"predecessor-version":[{"id":7296,"href":"https:\/\/midiclinic.be\/nl\/wp-json\/wp\/v2\/pages\/2881\/revisions\/7296"}],"wp:attachment":[{"href":"https:\/\/midiclinic.be\/nl\/wp-json\/wp\/v2\/media?parent=2881"}],"curies":[{"name":"wp","href":"https:\/\/api.w.org\/{rel}","templated":true}]}}