{"id":13,"date":"2026-01-16T22:35:46","date_gmt":"2026-01-16T21:35:46","guid":{"rendered":"https:\/\/mediverse.casethemes.net\/?page_id=13"},"modified":"2026-01-16T22:35:46","modified_gmt":"2026-01-16T21:35:46","slug":"mentions-legales","status":"publish","type":"page","link":"https:\/\/midiclinic.be\/nl\/mentions-legales\/","title":{"rendered":"Juridische kennisgeving"},"content":{"rendered":"<div id=\"elementor-tab-title-1861\" class=\"elementor-tab-title elementor-active\" tabindex=\"0\" role=\"button\" data-tab=\"1\" aria-controls=\"elementor-tab-content-1861\" aria-expanded=\"true\" aria-selected=\"true\"><strong><a class=\"elementor-accordion-title\" tabindex=\"0\">Identit\u00e9<\/a><\/strong><\/div>\r\n<div id=\"elementor-tab-content-1861\" class=\"elementor-tab-content elementor-clearfix elementor-active\" role=\"region\" data-tab=\"1\" aria-labelledby=\"elementor-tab-title-1861\">\r\n<p>Midiclinic SRL<\/p>\r\n<div id=\"elementor-tab-title-1862\" class=\"elementor-tab-title elementor-active\" tabindex=\"0\" role=\"button\" data-tab=\"2\" aria-controls=\"elementor-tab-content-1862\" aria-expanded=\"true\" aria-selected=\"true\"><strong><a class=\"elementor-accordion-title\" tabindex=\"0\">Adres<\/a><\/strong><\/div>\r\n<div id=\"elementor-tab-content-1862\" class=\"elementor-tab-content elementor-clearfix elementor-active\" role=\"region\" data-tab=\"2\" aria-labelledby=\"elementor-tab-title-1862\">\r\n<p><a tabindex=\"0\" href=\"https:\/\/www.google.com\/maps\/place\/\/data=!4m2!3m1!1s0x47c3c53113b5328d:0x8c168b637aad04e2?sa=X&amp;ved=1t:8290&amp;ictx=111\" data-url=\"\/maps\/place\/\/data=!4m2!3m1!1s0x47c3c53113b5328d:0x8c168b637aad04e2?sa=X&amp;ved=2ahUKEwixo6WZge6IAxVKgv0HHQBBGSsQ4kB6BAgHEAA\" data-sb=\"\/url?sa=t&amp;source=web&amp;rct=j&amp;opi=89978449&amp;url=\/maps\/place\/\/data%3D!4m2!3m1!1s0x47c3c53113b5328d:0x8c168b637aad04e2%3Fsa%3DX%26ved%3D1t:8290%26ictx%3D111&amp;ved=2ahUKEwixo6WZge6IAxVKgv0HHQBBGSsQ4kB6BAhBEAM&amp;usg=AOvVaw10LITyCDdI9O1zBmBO7HEg\">Bd Maurice Lemonnier 96, 1000 Bruxelles<\/a><\/p>\r\n<\/div>\r\n<div id=\"elementor-tab-title-1863\" class=\"elementor-tab-title elementor-active\" tabindex=\"0\" role=\"button\" data-tab=\"3\" aria-controls=\"elementor-tab-content-1863\" aria-expanded=\"true\" aria-selected=\"true\"><strong><a class=\"elementor-accordion-title\" tabindex=\"0\">Coordonn\u00e9es<\/a><\/strong><\/div>\r\n<div id=\"elementor-tab-content-1863\" class=\"elementor-tab-content elementor-clearfix elementor-active\" role=\"region\" data-tab=\"3\" aria-labelledby=\"elementor-tab-title-1863\">\r\n<ul>\r\n<li>Num\u00e9ro de t\u00e9l\u00e9phone : +322 468 33 39<\/li>\r\n<li>Adresse mail : contact@midiclinic.be<\/li>\r\n<\/ul>\r\n<div id=\"elementor-tab-title-1864\" class=\"elementor-tab-title elementor-active\" tabindex=\"0\" role=\"button\" data-tab=\"4\" aria-controls=\"elementor-tab-content-1864\" aria-expanded=\"true\" aria-selected=\"true\"><strong><a class=\"elementor-accordion-title\" tabindex=\"0\">Num\u00e9ro de TVA<\/a><\/strong><\/div>\r\n<div id=\"elementor-tab-content-1864\" class=\"elementor-tab-content elementor-clearfix elementor-active\" role=\"region\" data-tab=\"4\" aria-labelledby=\"elementor-tab-title-1864\">\r\n<p>BE 0838 529 465<\/p>\r\n<\/div>\r\n<p>Nous vous remercions de votre confiance et sommes honor\u00e9s de vous accompagner dans votre parcours de sant\u00e9. N\u2019h\u00e9sitez pas \u00e0 nous contacter pour toute question ou pour prendre rendez-vous.<\/p>\r\n<\/div>\r\n<\/div>","protected":false},"excerpt":{"rendered":"<p>Identit\u00e9 Midiclinic SRL Adresse Bd Maurice Lemonnier 96, 1000 Bruxelles Coordonn\u00e9es Num\u00e9ro de t\u00e9l\u00e9phone : +322 468 33 39 Adresse mail : contact@midiclinic.be Num\u00e9ro de TVA BE 0838 529 465 Nous vous remercions de votre confiance et sommes honor\u00e9s de vous accompagner dans votre parcours de sant\u00e9. N\u2019h\u00e9sitez pas \u00e0 nous contacter pour toute question [&hellip;]<\/p>","protected":false},"author":1,"featured_media":0,"parent":0,"menu_order":0,"comment_status":"closed","ping_status":"closed","template":"","meta":{"om_disable_all_campaigns":false,"_monsterinsights_skip_tracking":false,"_monsterinsights_sitenote_active":false,"_monsterinsights_sitenote_note":"","_monsterinsights_sitenote_category":0,"footnotes":""},"class_list":["post-13","page","type-page","status-publish","hentry"],"aioseo_notices":[],"_links":{"self":[{"href":"https:\/\/midiclinic.be\/nl\/wp-json\/wp\/v2\/pages\/13","targetHints":{"allow":["GET"]}}],"collection":[{"href":"https:\/\/midiclinic.be\/nl\/wp-json\/wp\/v2\/pages"}],"about":[{"href":"https:\/\/midiclinic.be\/nl\/wp-json\/wp\/v2\/types\/page"}],"author":[{"embeddable":true,"href":"https:\/\/midiclinic.be\/nl\/wp-json\/wp\/v2\/users\/1"}],"replies":[{"embeddable":true,"href":"https:\/\/midiclinic.be\/nl\/wp-json\/wp\/v2\/comments?post=13"}],"version-history":[{"count":1,"href":"https:\/\/midiclinic.be\/nl\/wp-json\/wp\/v2\/pages\/13\/revisions"}],"predecessor-version":[{"id":7343,"href":"https:\/\/midiclinic.be\/nl\/wp-json\/wp\/v2\/pages\/13\/revisions\/7343"}],"wp:attachment":[{"href":"https:\/\/midiclinic.be\/nl\/wp-json\/wp\/v2\/media?parent=13"}],"curies":[{"name":"wp","href":"https:\/\/api.w.org\/{rel}","templated":true}]}}